{"id":7796,"date":"2022-07-21T09:28:22","date_gmt":"2022-07-21T09:28:22","guid":{"rendered":"https:\/\/franz-hauptvogel.de\/?page_id=7796"},"modified":"2022-07-21T09:47:25","modified_gmt":"2022-07-21T09:47:25","slug":"vermietung","status":"publish","type":"page","link":"https:\/\/franz-hauptvogel.de\/index.php\/vermietung\/","title":{"rendered":"VERMIETUNG"},"content":{"rendered":"\n<h2>Vermietung<\/h2>\n\n\n\n<p>\u00dcber die Jahre hat sich ein wenig Equipment angesammelt, was ich nun gerne vermieten will. Dabei sind u.a.:<\/p>\n\n\n\n<ul><li>Mischpulte: Soundcraft UI24r &amp; UI12<\/li><li>Lautsprecher: RCF Art 310a &amp; RCF Art 932a<\/li><li>Subwoofer: RCF-8004as &amp; RCF Art 705-AS<\/li><li>Zus\u00e4tzlich eine gro\u00dfe Anzahl an Mikrofonen von Beyerdynamic, Shure, Sennheiser etc.<\/li><\/ul>\n\n\n\n<p>Ihr k\u00f6nnt mich gerne einfach anfragen. Abholung wird bevorzugt, jedoch kann das Equipment auch gegen Aufpreis gebracht werden (innerhalb 100km).<\/p>\n\n\n\n<div class=\"wp-block-getwid-section\"><div class=\"wp-block-getwid-section__wrapper\" style=\"padding-bottom:419px\"><div class=\"wp-block-getwid-section__inner-wrapper\"><div class=\"wp-block-getwid-section__background-holder\"><div class=\"wp-block-getwid-section__background\"><\/div><div class=\"wp-block-getwid-section__foreground\"><\/div><\/div><div class=\"wp-block-getwid-section__content\"><div class=\"wp-block-getwid-section__inner-content\"><\/div><\/div><\/div><\/div><\/div>\n","protected":false},"excerpt":{"rendered":"<p>Vermietung \u00dcber die Jahre hat sich ein wenig Equipment angesammelt, was ich nun gerne vermieten will. Dabei sind u.a.: Mischpulte: Soundcraft UI24r &amp; UI12 Lautsprecher: RCF Art 310a &amp; RCF Art 932a Subwoofer: RCF-8004as &amp; RCF Art 705-AS Zus\u00e4tzlich eine gro\u00dfe Anzahl an Mikrofonen von Beyerdynamic, Shure, Sennheiser etc. Ihr k\u00f6nnt mich gerne einfach anfragen.&hellip;<\/p>\n","protected":false},"author":1,"featured_media":0,"parent":0,"menu_order":0,"comment_status":"closed","ping_status":"closed","template":"tw-no-title.php","meta":{"_mi_skip_tracking":false},"yoast_head":"<!-- This site is optimized with the Yoast SEO plugin v15.7 - https:\/\/yoast.com\/wordpress\/plugins\/seo\/ -->\n<title>VERMIETUNG - Franz Elias Xaver Hauptvogel<\/title>\n<meta name=\"robots\" content=\"index, follow, max-snippet:-1, max-image-preview:large, max-video-preview:-1\" \/>\n<link rel=\"canonical\" href=\"https:\/\/franz-hauptvogel.de\/index.php\/vermietung\/\" \/>\n<meta property=\"og:locale\" content=\"de_DE\" \/>\n<meta property=\"og:type\" content=\"article\" \/>\n<meta property=\"og:title\" content=\"VERMIETUNG - Franz Elias Xaver Hauptvogel\" \/>\n<meta property=\"og:description\" content=\"Vermietung \u00dcber die Jahre hat sich ein wenig Equipment angesammelt, was ich nun gerne vermieten will. Dabei sind u.a.: Mischpulte: Soundcraft UI24r &amp; UI12 Lautsprecher: RCF Art 310a &amp; RCF Art 932a Subwoofer: RCF-8004as &amp; RCF Art 705-AS Zus\u00e4tzlich eine gro\u00dfe Anzahl an Mikrofonen von Beyerdynamic, Shure, Sennheiser etc. Ihr k\u00f6nnt mich gerne einfach anfragen.&hellip;\" \/>\n<meta property=\"og:url\" content=\"https:\/\/franz-hauptvogel.de\/index.php\/vermietung\/\" \/>\n<meta property=\"og:site_name\" content=\"Franz Elias Xaver Hauptvogel\" \/>\n<meta property=\"article:modified_time\" content=\"2022-07-21T09:47:25+00:00\" \/>\n<meta name=\"twitter:card\" content=\"summary_large_image\" \/>\n<meta name=\"twitter:label1\" content=\"Gesch\u00e4tzte Lesezeit\">\n\t<meta name=\"twitter:data1\" content=\"1\u00a0Minute\">\n<script type=\"application\/ld+json\" class=\"yoast-schema-graph\">{\"@context\":\"https:\/\/schema.org\",\"@graph\":[{\"@type\":[\"Person\",\"Organization\"],\"@id\":\"https:\/\/franz-hauptvogel.de\/#\/schema\/person\/1e096ec780ed545f0b0358527739ffc3\",\"name\":\"Franz Hauptvogel\",\"image\":{\"@type\":\"ImageObject\",\"@id\":\"https:\/\/franz-hauptvogel.de\/#personlogo\",\"inLanguage\":\"de\",\"url\":\"https:\/\/franz-hauptvogel.de\/wp-content\/uploads\/2021\/01\/cropped-logo.png\",\"width\":620,\"height\":542,\"caption\":\"Franz Hauptvogel\"},\"logo\":{\"@id\":\"https:\/\/franz-hauptvogel.de\/#personlogo\"},\"sameAs\":[\"https:\/\/de.linkedin.com\/in\/fhauptvogel\",\"https:\/\/soundcloud.com\/alias_elias\"]},{\"@type\":\"WebSite\",\"@id\":\"https:\/\/franz-hauptvogel.de\/#website\",\"url\":\"https:\/\/franz-hauptvogel.de\/\",\"name\":\"Franz Elias Xaver Hauptvogel\",\"description\":\"\",\"publisher\":{\"@id\":\"https:\/\/franz-hauptvogel.de\/#\/schema\/person\/1e096ec780ed545f0b0358527739ffc3\"},\"potentialAction\":[{\"@type\":\"SearchAction\",\"target\":\"https:\/\/franz-hauptvogel.de\/?s={search_term_string}\",\"query-input\":\"required name=search_term_string\"}],\"inLanguage\":\"de\"},{\"@type\":\"WebPage\",\"@id\":\"https:\/\/franz-hauptvogel.de\/index.php\/vermietung\/#webpage\",\"url\":\"https:\/\/franz-hauptvogel.de\/index.php\/vermietung\/\",\"name\":\"VERMIETUNG - Franz Elias Xaver Hauptvogel\",\"isPartOf\":{\"@id\":\"https:\/\/franz-hauptvogel.de\/#website\"},\"datePublished\":\"2022-07-21T09:28:22+00:00\",\"dateModified\":\"2022-07-21T09:47:25+00:00\",\"inLanguage\":\"de\",\"potentialAction\":[{\"@type\":\"ReadAction\",\"target\":[\"https:\/\/franz-hauptvogel.de\/index.php\/vermietung\/\"]}]}]}<\/script>\n<!-- \/ Yoast SEO plugin. -->","_links":{"self":[{"href":"https:\/\/franz-hauptvogel.de\/index.php\/wp-json\/wp\/v2\/pages\/7796"}],"collection":[{"href":"https:\/\/franz-hauptvogel.de\/index.php\/wp-json\/wp\/v2\/pages"}],"about":[{"href":"https:\/\/franz-hauptvogel.de\/index.php\/wp-json\/wp\/v2\/types\/page"}],"author":[{"embeddable":true,"href":"https:\/\/franz-hauptvogel.de\/index.php\/wp-json\/wp\/v2\/users\/1"}],"replies":[{"embeddable":true,"href":"https:\/\/franz-hauptvogel.de\/index.php\/wp-json\/wp\/v2\/comments?post=7796"}],"version-history":[{"count":8,"href":"https:\/\/franz-hauptvogel.de\/index.php\/wp-json\/wp\/v2\/pages\/7796\/revisions"}],"predecessor-version":[{"id":7808,"href":"https:\/\/franz-hauptvogel.de\/index.php\/wp-json\/wp\/v2\/pages\/7796\/revisions\/7808"}],"wp:attachment":[{"href":"https:\/\/franz-hauptvogel.de\/index.php\/wp-json\/wp\/v2\/media?parent=7796"}],"curies":[{"name":"wp","href":"https:\/\/api.w.org\/{rel}","templated":true}]}}